{"id":22,"date":"2025-09-12T20:36:44","date_gmt":"2025-09-12T18:36:44","guid":{"rendered":"https:\/\/somoscomunidadbajonalon.com\/v20\/?page_id=22"},"modified":"2025-11-25T15:13:06","modified_gmt":"2025-11-25T14:13:06","slug":"contacto","status":"publish","type":"page","link":"https:\/\/somoscomunidadbajonalon.com\/v20\/contacto\/","title":{"rendered":"Contacto"},"content":{"rendered":"\n<p>Si quieres m\u00e1s informaci\u00f3n o est\u00e1s interesada o interesado en el Programa, puedes contactarnos por los siguientes medios:<\/p>\n\n\n\n<p>Mail:\u00a0<a href=\"mailto:somoscomunidadbn@gmail.com\">somoscomunidadbn@gmail.com<\/a><br>FaceBook: <a href=\"http:\/\/www.facebook.com\/profile.php?id=61578398086152\">SomosComunidadBN<\/a><br>TLF: <a href=\"tel:684623238\">684623238<\/a> El horario de atenci\u00f3n telef\u00f3nica es de 10 a 13h.<\/p>\n\n\n\n<p><\/p>\n\n\n\n<div class=\"wp-block-columns is-layout-flex wp-container-core-columns-is-layout-28f84493 wp-block-columns-is-layout-flex\">\n<div class=\"wp-block-column is-layout-flow wp-block-column-is-layout-flow\"><\/div>\n<\/div>\n\n\n\n<div class=\"wp-block-columns is-layout-flex wp-container-core-columns-is-layout-28f84493 wp-block-columns-is-layout-flex\">\n<div class=\"wp-block-column is-layout-flow wp-block-column-is-layout-flow\"><\/div>\n\n\n\n<div class=\"wp-block-column is-layout-flow wp-block-column-is-layout-flow\"><\/div>\n<\/div>\n","protected":false},"excerpt":{"rendered":"<p>Si quieres m\u00e1s informaci\u00f3n o est\u00e1s interesada o interesado en el Programa, puedes contactarnos por los siguientes medios: Mail:\u00a0somoscomunidadbn@gmail.comFaceBook: SomosComunidadBNTLF: 684623238 El horario de atenci\u00f3n telef\u00f3nica es de 10 a [&hellip;]<\/p>\n","protected":false},"author":2,"featured_media":77,"parent":0,"menu_order":0,"comment_status":"closed","ping_status":"closed","template":"","meta":{"footnotes":""},"class_list":["post-22","page","type-page","status-publish","has-post-thumbnail","hentry"],"_links":{"self":[{"href":"https:\/\/somoscomunidadbajonalon.com\/v20\/wp-json\/wp\/v2\/pages\/22","targetHints":{"allow":["GET"]}}],"collection":[{"href":"https:\/\/somoscomunidadbajonalon.com\/v20\/wp-json\/wp\/v2\/pages"}],"about":[{"href":"https:\/\/somoscomunidadbajonalon.com\/v20\/wp-json\/wp\/v2\/types\/page"}],"author":[{"embeddable":true,"href":"https:\/\/somoscomunidadbajonalon.com\/v20\/wp-json\/wp\/v2\/users\/2"}],"replies":[{"embeddable":true,"href":"https:\/\/somoscomunidadbajonalon.com\/v20\/wp-json\/wp\/v2\/comments?post=22"}],"version-history":[{"count":8,"href":"https:\/\/somoscomunidadbajonalon.com\/v20\/wp-json\/wp\/v2\/pages\/22\/revisions"}],"predecessor-version":[{"id":499,"href":"https:\/\/somoscomunidadbajonalon.com\/v20\/wp-json\/wp\/v2\/pages\/22\/revisions\/499"}],"wp:featuredmedia":[{"embeddable":true,"href":"https:\/\/somoscomunidadbajonalon.com\/v20\/wp-json\/wp\/v2\/media\/77"}],"wp:attachment":[{"href":"https:\/\/somoscomunidadbajonalon.com\/v20\/wp-json\/wp\/v2\/media?parent=22"}],"curies":[{"name":"wp","href":"https:\/\/api.w.org\/{rel}","templated":true}]}}