{"id":20,"date":"2025-09-12T20:36:44","date_gmt":"2025-09-12T18:36:44","guid":{"rendered":"https:\/\/somoscomunidadbajonalon.com\/v20\/?page_id=20"},"modified":"2025-10-08T14:09:38","modified_gmt":"2025-10-08T12:09:38","slug":"inicio","status":"publish","type":"page","link":"https:\/\/somoscomunidadbajonalon.com\/v20\/","title":{"rendered":"Somos Comunidad"},"content":{"rendered":"\n<div class=\"wp-block-columns is-layout-flex wp-container-core-columns-is-layout-28f84493 wp-block-columns-is-layout-flex\">\n<div class=\"wp-block-column is-layout-flow wp-block-column-is-layout-flow\">\n<figure class=\"wp-block-image size-large\"><img loading=\"lazy\" decoding=\"async\" width=\"1024\" height=\"759\" src=\"https:\/\/somoscomunidadbajonalon.com\/v20\/wp-content\/uploads\/2025\/09\/img_1-1024x759.jpg\" alt=\"\" class=\"wp-image-28\" srcset=\"https:\/\/somoscomunidadbajonalon.com\/v20\/wp-content\/uploads\/2025\/09\/img_1-1024x759.jpg 1024w, https:\/\/somoscomunidadbajonalon.com\/v20\/wp-content\/uploads\/2025\/09\/img_1-300x222.jpg 300w, https:\/\/somoscomunidadbajonalon.com\/v20\/wp-content\/uploads\/2025\/09\/img_1-768x569.jpg 768w, https:\/\/somoscomunidadbajonalon.com\/v20\/wp-content\/uploads\/2025\/09\/img_1.jpg 1241w\" sizes=\"auto, (max-width: 1024px) 100vw, 1024px\" \/><\/figure>\n<\/div>\n<\/div>\n\n\n\n<div class=\"wp-block-group is-nowrap is-layout-flex wp-container-core-group-is-layout-6c531013 wp-block-group-is-layout-flex\">\n<pre class=\"wp-block-verse\"><em><mark style=\"background-color:#E4D1D1\" class=\"has-inline-color has-black-color\">La soledad no deseada es un sentimiento, subjetivo por naturaleza, que experimenta una persona al carecer de la cantidad y\/o calidad deseada de relaciones con otras personas.<\/mark><\/em><mark style=\"background-color:rgba(0, 0, 0, 0)\" class=\"has-inline-color has-yellow-color\"><br><\/mark><sub>(Perlman y Peplau, 1981; Russell et al., 2012)<\/sub><\/pre>\n<\/div>\n\n\n\n<p>Las personas en situaci\u00f3n de aislamiento social no padecen necesariamente soledad y, objetivamente, no todas las personas con sentimiento de soledad est\u00e1n aisladas socialmente.<\/p>\n\n\n\n<p>Las relaciones con otras personas, es decir, las circunstancias relacionadas con el aislamiento tienen un efecto en la soledad: Tener menos amistades de las deseadas, nuestro n\u00facleo de convivencia, vivir s\u00f3lo o acompa\u00f1ado\u2026<\/p>\n\n\n\n<p>Todo ello, nos hace entender que \u00abLa Soledad No Deseada\u00bb es un problema silencioso que afecta cada vez, a un mayor n\u00famero de personas, ya que no es un problema individual, sino un problema social que nos concierne a todos y todas.<\/p>\n\n\n\n<p>Por todo ello, desde la Mancomunidad \u201cCinco Villas\u201d se ha puesto en marcha un proyecto de trabajo desde diferentes \u00e1mbitos municipales para detectar necesidades y aportar las acciones y medidas necesarias para una estrategia conjunta, en los tres entornos rurales que conforman el Bajo Nal\u00f3n.<\/p>\n\n\n\n<p>Cuyo objetivo prioritario ser\u00e1:<br>\u201c<em>Contribuir a disminuir el sentimiento de soledad de las personas mayores del Bajo Nal\u00f3n mediante la sensibilizaci\u00f3n a la ciudadan\u00eda, detecci\u00f3n e intervenci\u00f3n sobre la soledad y sus consecuencias, para<br>mejorar la realidad de las personas mayores que se sienten solas y aisladas<\/em>\u201d.<\/p>\n\n\n\n<hr class=\"wp-block-separator has-alpha-channel-opacity\"\/>\n\n\n\n<div class=\"wp-block-media-text is-stacked-on-mobile\"><figure class=\"wp-block-media-text__media\"><a href=\"https:\/\/somoscomunidadbajonalon.com\/v20\/wp-content\/uploads\/2025\/10\/diptico-Somos-Comunidad-Bajo-Nalon.pdf\" target=\"_blank\" rel=\"https:\/\/somoscomunidadbajonalon.com\/v20\/\"><img loading=\"lazy\" decoding=\"async\" width=\"1024\" height=\"726\" src=\"https:\/\/somoscomunidadbajonalon.com\/v20\/wp-content\/uploads\/2025\/10\/diptico-1-1024x726.jpg\" alt=\"\" class=\"wp-image-345 size-full\" srcset=\"https:\/\/somoscomunidadbajonalon.com\/v20\/wp-content\/uploads\/2025\/10\/diptico-1-1024x726.jpg 1024w, https:\/\/somoscomunidadbajonalon.com\/v20\/wp-content\/uploads\/2025\/10\/diptico-1-300x213.jpg 300w, https:\/\/somoscomunidadbajonalon.com\/v20\/wp-content\/uploads\/2025\/10\/diptico-1-768x545.jpg 768w, https:\/\/somoscomunidadbajonalon.com\/v20\/wp-content\/uploads\/2025\/10\/diptico-1-1140x808.jpg 1140w, https:\/\/somoscomunidadbajonalon.com\/v20\/wp-content\/uploads\/2025\/10\/diptico-1-920x652.jpg 920w, https:\/\/somoscomunidadbajonalon.com\/v20\/wp-content\/uploads\/2025\/10\/diptico-1-575x408.jpg 575w, https:\/\/somoscomunidadbajonalon.com\/v20\/wp-content\/uploads\/2025\/10\/diptico-1-380x269.jpg 380w, https:\/\/somoscomunidadbajonalon.com\/v20\/wp-content\/uploads\/2025\/10\/diptico-1.jpg 1512w\" sizes=\"auto, (max-width: 1024px) 100vw, 1024px\" \/><\/a><\/figure><div class=\"wp-block-media-text__content\">\n<p>Para m\u00e1s informaci\u00f3n, pulsa sobre la imagen para descarga nuestro folleto informativo.<\/p>\n\n\n\n<p><\/p>\n<\/div><\/div>\n\n\n\n<hr class=\"wp-block-separator has-alpha-channel-opacity\"\/>\n\n\n\n<div style=\"height:100px\" aria-hidden=\"true\" class=\"wp-block-spacer\"><\/div>\n\n\n\n<figure class=\"wp-block-gallery has-nested-images columns-default is-cropped wp-block-gallery-1 is-layout-flex wp-block-gallery-is-layout-flex\">\n<figure class=\"wp-block-image size-large\"><img loading=\"lazy\" decoding=\"async\" width=\"681\" height=\"1024\" data-id=\"340\" src=\"https:\/\/somoscomunidadbajonalon.com\/v20\/wp-content\/uploads\/2025\/10\/cartel-1-1-681x1024.jpeg\" alt=\"\" class=\"wp-image-340\" srcset=\"https:\/\/somoscomunidadbajonalon.com\/v20\/wp-content\/uploads\/2025\/10\/cartel-1-1-681x1024.jpeg 681w, https:\/\/somoscomunidadbajonalon.com\/v20\/wp-content\/uploads\/2025\/10\/cartel-1-1-200x300.jpeg 200w, https:\/\/somoscomunidadbajonalon.com\/v20\/wp-content\/uploads\/2025\/10\/cartel-1-1-768x1155.jpeg 768w, https:\/\/somoscomunidadbajonalon.com\/v20\/wp-content\/uploads\/2025\/10\/cartel-1-1-1021x1536.jpeg 1021w, https:\/\/somoscomunidadbajonalon.com\/v20\/wp-content\/uploads\/2025\/10\/cartel-1-1-920x1383.jpeg 920w, https:\/\/somoscomunidadbajonalon.com\/v20\/wp-content\/uploads\/2025\/10\/cartel-1-1-575x865.jpeg 575w, https:\/\/somoscomunidadbajonalon.com\/v20\/wp-content\/uploads\/2025\/10\/cartel-1-1-380x571.jpeg 380w, https:\/\/somoscomunidadbajonalon.com\/v20\/wp-content\/uploads\/2025\/10\/cartel-1-1.jpeg 1064w\" sizes=\"auto, (max-width: 681px) 100vw, 681px\" \/><\/figure>\n\n\n\n<figure class=\"wp-block-image size-large\"><img loading=\"lazy\" decoding=\"async\" width=\"681\" height=\"1024\" data-id=\"341\" src=\"https:\/\/somoscomunidadbajonalon.com\/v20\/wp-content\/uploads\/2025\/10\/cartel-2-681x1024.jpeg\" alt=\"\" class=\"wp-image-341\" srcset=\"https:\/\/somoscomunidadbajonalon.com\/v20\/wp-content\/uploads\/2025\/10\/cartel-2-681x1024.jpeg 681w, https:\/\/somoscomunidadbajonalon.com\/v20\/wp-content\/uploads\/2025\/10\/cartel-2-200x300.jpeg 200w, https:\/\/somoscomunidadbajonalon.com\/v20\/wp-content\/uploads\/2025\/10\/cartel-2-768x1155.jpeg 768w, https:\/\/somoscomunidadbajonalon.com\/v20\/wp-content\/uploads\/2025\/10\/cartel-2-1021x1536.jpeg 1021w, https:\/\/somoscomunidadbajonalon.com\/v20\/wp-content\/uploads\/2025\/10\/cartel-2-920x1383.jpeg 920w, https:\/\/somoscomunidadbajonalon.com\/v20\/wp-content\/uploads\/2025\/10\/cartel-2-575x865.jpeg 575w, https:\/\/somoscomunidadbajonalon.com\/v20\/wp-content\/uploads\/2025\/10\/cartel-2-380x571.jpeg 380w, https:\/\/somoscomunidadbajonalon.com\/v20\/wp-content\/uploads\/2025\/10\/cartel-2.jpeg 1064w\" sizes=\"auto, (max-width: 681px) 100vw, 681px\" \/><\/figure>\n<\/figure>\n\n\n\n<p><\/p>\n\n\n\n<figure class=\"wp-block-gallery has-nested-images columns-default is-cropped wp-block-gallery-2 is-layout-flex wp-block-gallery-is-layout-flex\">\n<figure class=\"wp-block-image size-large\"><img loading=\"lazy\" decoding=\"async\" width=\"1024\" height=\"820\" data-id=\"342\" src=\"https:\/\/somoscomunidadbajonalon.com\/v20\/wp-content\/uploads\/2025\/10\/cartel-3-1-1024x820.jpeg\" alt=\"\" class=\"wp-image-342\" srcset=\"https:\/\/somoscomunidadbajonalon.com\/v20\/wp-content\/uploads\/2025\/10\/cartel-3-1-1024x820.jpeg 1024w, https:\/\/somoscomunidadbajonalon.com\/v20\/wp-content\/uploads\/2025\/10\/cartel-3-1-300x240.jpeg 300w, https:\/\/somoscomunidadbajonalon.com\/v20\/wp-content\/uploads\/2025\/10\/cartel-3-1-768x615.jpeg 768w, https:\/\/somoscomunidadbajonalon.com\/v20\/wp-content\/uploads\/2025\/10\/cartel-3-1-1140x913.jpeg 1140w, https:\/\/somoscomunidadbajonalon.com\/v20\/wp-content\/uploads\/2025\/10\/cartel-3-1-920x737.jpeg 920w, https:\/\/somoscomunidadbajonalon.com\/v20\/wp-content\/uploads\/2025\/10\/cartel-3-1-575x460.jpeg 575w, https:\/\/somoscomunidadbajonalon.com\/v20\/wp-content\/uploads\/2025\/10\/cartel-3-1-380x304.jpeg 380w, https:\/\/somoscomunidadbajonalon.com\/v20\/wp-content\/uploads\/2025\/10\/cartel-3-1.jpeg 1200w\" sizes=\"auto, (max-width: 1024px) 100vw, 1024px\" \/><\/figure>\n<\/figure>\n\n\n\n<p><\/p>\n\n\n\n<p><\/p>\n","protected":false},"excerpt":{"rendered":"<p>La soledad no deseada es un sentimiento, subjetivo por naturaleza, que experimenta una persona al carecer de la cantidad y\/o calidad deseada de relaciones con otras personas.(Perlman y Peplau, 1981; [&hellip;]<\/p>\n","protected":false},"author":2,"featured_media":0,"parent":0,"menu_order":0,"comment_status":"closed","ping_status":"closed","template":"","meta":{"footnotes":""},"class_list":["post-20","page","type-page","status-publish","hentry"],"_links":{"self":[{"href":"https:\/\/somoscomunidadbajonalon.com\/v20\/wp-json\/wp\/v2\/pages\/20","targetHints":{"allow":["GET"]}}],"collection":[{"href":"https:\/\/somoscomunidadbajonalon.com\/v20\/wp-json\/wp\/v2\/pages"}],"about":[{"href":"https:\/\/somoscomunidadbajonalon.com\/v20\/wp-json\/wp\/v2\/types\/page"}],"author":[{"embeddable":true,"href":"https:\/\/somoscomunidadbajonalon.com\/v20\/wp-json\/wp\/v2\/users\/2"}],"replies":[{"embeddable":true,"href":"https:\/\/somoscomunidadbajonalon.com\/v20\/wp-json\/wp\/v2\/comments?post=20"}],"version-history":[{"count":41,"href":"https:\/\/somoscomunidadbajonalon.com\/v20\/wp-json\/wp\/v2\/pages\/20\/revisions"}],"predecessor-version":[{"id":356,"href":"https:\/\/somoscomunidadbajonalon.com\/v20\/wp-json\/wp\/v2\/pages\/20\/revisions\/356"}],"wp:attachment":[{"href":"https:\/\/somoscomunidadbajonalon.com\/v20\/wp-json\/wp\/v2\/media?parent=20"}],"curies":[{"name":"wp","href":"https:\/\/api.w.org\/{rel}","templated":true}]}}